{"id":138,"date":"2019-10-20T14:31:46","date_gmt":"2019-10-20T12:31:46","guid":{"rendered":"https:\/\/www.recyclingsystems.de\/wp\/?page_id=138"},"modified":"2020-06-04T09:10:17","modified_gmt":"2020-06-04T07:10:17","slug":"impressum","status":"publish","type":"page","link":"https:\/\/www.recyclingsystems.de\/wp\/impressum\/","title":{"rendered":"Impressum"},"content":{"rendered":"\n<a href=\"https:\/\/www.recyclingsystems.de\/wp\/\"><div class=\"close-icon\"><\/div><\/a>\n\n\n\n<div class=\"wp-block-kadence-spacer aligncenter kt-block-spacer-_8e23f4-e4\"><div class=\"kt-block-spacer kt-block-spacer-halign-left\" style=\"height:60px\"><hr class=\"kt-divider\" style=\"border-top-color:rgba(238, 238, 238, 1);border-top-width:1px;width:80%;border-top-style:solid\"\/><\/div><\/div>\n\n\n\n<p class=\"has-medium-font-size\">\n<strong>KRS Recycling Systems GmbH<\/strong>\n<\/p>\n\n\n\n<p>\nHauptstrasse 19b<br>\nD-94556 Neusch\u00f6nau<br>\nGermany\n<\/p>\n\n\n\n<div class=\"wp-block-kadence-spacer aligncenter kt-block-spacer-_0cab98-53\"><div class=\"kt-block-spacer kt-block-spacer-halign-left\" style=\"height:20px\"><hr class=\"kt-divider\" style=\"border-top-color:rgba(238, 238, 238, 1);border-top-width:1px;width:80%;border-top-style:solid\"\/><\/div><\/div>\n\n\n\n<h5 class=\"wp-block-heading\">Vertreten durch:<\/h5>\n\n\n\n<p> Helmut Killinger jun.<\/p>\n\n\n\n<div class=\"wp-block-kadence-spacer aligncenter kt-block-spacer-_c695e0-c5\"><div class=\"kt-block-spacer kt-block-spacer-halign-left\" style=\"height:20px\"><hr class=\"kt-divider\" style=\"border-top-color:rgba(238, 238, 238, 1);border-top-width:1px;width:80%;border-top-style:solid\"\/><\/div><\/div>\n\n\n\n<h5 class=\"wp-block-heading\"> Kontakt: <\/h5>\n\n\n\n<p> Tel.:          +49-(0)8558-97340-0 <br> Fax.:         +49-(0)8558-97340-29 <br> E-Mail:     info@recyclingsystems.de <\/p>\n\n\n\n<div class=\"wp-block-kadence-spacer aligncenter kt-block-spacer-_b8e601-96\"><div class=\"kt-block-spacer kt-block-spacer-halign-left\" style=\"height:20px\"><hr class=\"kt-divider\" style=\"border-top-color:rgba(238, 238, 238, 1);border-top-width:1px;width:80%;border-top-style:solid\"\/><\/div><\/div>\n\n\n\n<h5 class=\"wp-block-heading\">Registereintrag:<\/h5>\n\n\n\n<p> Eintragung im Handelsregister. <br> Rechtsform:         GmbH; Sitz Neusch\u00f6nau<br> Registergericht:  AG Passau HRB 1251<\/p>\n\n\n\n<div class=\"wp-block-kadence-spacer aligncenter kt-block-spacer-_8fa99f-cd\"><div class=\"kt-block-spacer kt-block-spacer-halign-left\" style=\"height:20px\"><hr class=\"kt-divider\" style=\"border-top-color:rgba(238, 238, 238, 1);border-top-width:1px;width:80%;border-top-style:solid\"\/><\/div><\/div>\n\n\n\n<h5 class=\"wp-block-heading\">Umsatzsteuer-ID:<\/h5>\n\n\n\n<p> Umsatzsteuer-Identifikationsnummer gem\u00e4\u00df \u00a727 a Umsatzsteuergesetz:  DE 169 287 240 <\/p>\n\n\n\n<div class=\"wp-block-kadence-spacer aligncenter kt-block-spacer-_6960a4-ff\"><div class=\"kt-block-spacer kt-block-spacer-halign-left\" style=\"height:20px\"><hr class=\"kt-divider\" style=\"border-top-color:rgba(238, 238, 238, 1);border-top-width:1px;width:80%;border-top-style:solid\"\/><\/div><\/div>\n\n\n\n<h5 class=\"wp-block-heading\">Haftungsausschluss:<\/h5>\n\n\n\n<div class=\"wp-block-kadence-spacer aligncenter kt-block-spacer-_15d5ea-f6\"><div class=\"kt-block-spacer kt-block-spacer-halign-left\" style=\"height:10px\"><\/div><\/div>\n\n\n\n<p>\n<strong>Haftung f\u00fcr Inhalte<\/strong>\n<\/p>\n\n\n\n<p>\nDie Inhalte unserer Seiten wurden mit gr\u00f6\u00dfter Sorgfalt erstellt. \nF\u00fcr die Richtigkeit, Vollst\u00e4ndigkeit und Aktualit\u00e4t der Inhalte \nk\u00f6nnen wir jedoch keine Gew\u00e4hr \u00fcbernehmen. Als Diensteanbieter sind wir gem\u00e4\u00df \u00a7 7 Abs.1 TMG f\u00fcr \neigene Inhalte auf diesen Seiten nach den allgemeinen Gesetzen verantwortlich. \nNach \u00a7\u00a7 8 bis 10 TMG sind wir als Diensteanbieter jedoch nicht \nverpflichtet, \u00fcbermittelte oder gespeicherte fremde Informationen zu \n\u00fcberwachen oder nach Umst\u00e4nden zu forschen, die auf eine rechtswidrige \nT\u00e4tigkeit hinweisen. Verpflichtungen zur Entfernung oder Sperrung der \nNutzung von Informationen nach den allgemeinen Gesetzen bleiben hiervon \nunber\u00fchrt. Eine diesbez\u00fcgliche Haftung ist jedoch erst ab dem \nZeitpunkt der Kenntnis einer konkreten Rechtsverletzung m\u00f6glich. Bei \nBekanntwerden von entsprechenden Rechtsverletzungen werden wir diese Inhalte \numgehend entfernen.\n<\/p>\n\n\n\n<p>\n<strong>Haftung f\u00fcr Links<\/strong>\n<\/p>\n\n\n\n<p>\nUnser Angebot enth\u00e4lt Links zu externen Webseiten Dritter, auf deren \nInhalte wir keinen Einfluss haben. Deshalb k\u00f6nnen wir f\u00fcr diese \nfremden Inhalte auch keine Gew\u00e4hr \u00fcbernehmen. F\u00fcr die Inhalte \nder verlinkten Seiten ist stets der jeweilige Anbieter oder Betreiber der \nSeiten verantwortlich. Die verlinkten Seiten wurden zum Zeitpunkt der Verlinkung \nauf m\u00f6gliche Rechtsverst\u00f6\u00dfe \u00fcberpr\u00fcft. Rechtswidrige \nInhalte waren zum Zeitpunkt der Verlinkung nicht erkennbar. Eine permanente \ninhaltliche Kontrolle der verlinkten Seiten ist jedoch ohne konkrete Anhaltspunkte \neiner Rechtsverletzung nicht zumutbar. Bei Bekanntwerden von Rechtsverletzungen \nwerden wir derartige Links umgehend entfernen.\n<\/p>\n\n\n\n<p>\n<strong>Urheberrecht<\/strong>\n<\/p>\n\n\n\n<p>\nDie\ndurch die Seitenbetreiber erstellten Inhalte und Werke auf diesen\nSeiten unterliegen dem deutschen Urheberrecht. Die Vervielf\u00e4ltigung,\nBearbeitung, Verbreitung und jede Art der Verwertung au\u00dferhalb der\nGrenzen des Urheberrechtes bed\u00fcrfen der schriftlichen Zustimmung des\njeweiligen Autors bzw. Erstellers. Downloads und Kopien dieser Seite\nsind nur f\u00fcr den privaten, nicht kommerziellen Gebrauch gestattet.\nSoweit die Inhalte auf dieser Seite nicht vom Betreiber erstellt\nwurden, werden die Urheberrechte Dritter beachtet. Insbesondere werden\nInhalte Dritter als solche gekennzeichnet. Sollten Sie trotzdem auf\neine Urheberrechtsverletzung aufmerksam werden, bitten wir um einen\nentsprechenden Hinweis. Bei Bekanntwerden von Rechtsverletzungen werden\nwir derartige Inhalte umgehend entfernen.\n<\/p>\n\n\n\n<p>\n<strong>Datenschutz<\/strong>\n<\/p>\n\n\n\n<p>\nDie\nNutzung unserer Webseite ist in der Regel ohne Angabe personenbezogener\nDaten m\u00f6glich. Soweit auf unseren Seiten personenbezogene Daten\n(beispielsweise Name, Anschrift oder eMail-Adressen) erhoben werden,\nerfolgt dies, soweit m\u00f6glich, stets auf freiwilliger Basis. Diese Daten\nwerden ohne Ihre ausdr\u00fcckliche Zustimmung nicht an Dritte\nweitergegeben. \n<\/p>\n\n\n\n<p>\nWir weisen darauf hin, dass die Daten\u00fcbertragung im Internet (z.B. \nbei der Kommunikation per E-Mail) Sicherheitsl\u00fccken aufweisen kann. \nEin l\u00fcckenloser Schutz der Daten vor dem Zugriff durch Dritte ist nicht \nm\u00f6glich. \n<\/p>\n\n\n\n<p>\nDer Nutzung von im Rahmen der Impressumspflicht ver\u00f6ffentlichten Kontaktdaten \ndurch Dritte zur \u00dcbersendung von nicht ausdr\u00fccklich angeforderter \nWerbung und Informationsmaterialien wird hiermit ausdr\u00fccklich widersprochen. \nDie Betreiber der Seiten behalten sich ausdr\u00fccklich rechtliche Schritte \nim Falle der unverlangten Zusendung von Werbeinformationen, etwa durch Spam-Mails, \nvor.\n<\/p>\n\n\n\n<div style=\"height:20px\" aria-hidden=\"true\" class=\"wp-block-spacer\"><\/div>\n\n\n\n<a href=\"https:\/\/www.recyclingsystems.de\/wp\/\"><div class=\"close-icon\"><\/div><\/a>\n\n\n\n<div style=\"height:20px\" aria-hidden=\"true\" class=\"wp-block-spacer\"><\/div>\n\n\n\n<div style=\"padding-left:5%;padding-right:5%\" class=\"wp-block-atomic-blocks-ab-container ab-layout-landing-3 ab-block-container alignfull\"><div class=\"ab-container-inside\"><div class=\"ab-container-content\" style=\"max-width:1000px\"><\/div><\/div><\/div>\n<style class=\"advgb-styles-renderer\">.wp-block-kadence-spacer.kt-block-spacer-_8e23f4-e4 .kt-block-spacer{height:60px;}.wp-block-kadence-spacer.kt-block-spacer-_8e23f4-e4 .kt-divider{border-top-width:1px;height:1px;border-top-color:#eee;width:80%;border-top-style:solid;}.wp-block-kadence-spacer.kt-block-spacer-_0cab98-53 .kt-block-spacer{height:20px;}.wp-block-kadence-spacer.kt-block-spacer-_0cab98-53 .kt-divider{border-top-width:1px;height:1px;border-top-color:#eee;width:80%;border-top-style:solid;}.wp-block-kadence-spacer.kt-block-spacer-_c695e0-c5 .kt-block-spacer{height:20px;}.wp-block-kadence-spacer.kt-block-spacer-_c695e0-c5 .kt-divider{border-top-width:1px;height:1px;border-top-color:#eee;width:80%;border-top-style:solid;}.wp-block-kadence-spacer.kt-block-spacer-_b8e601-96 .kt-block-spacer{height:20px;}.wp-block-kadence-spacer.kt-block-spacer-_b8e601-96 .kt-divider{border-top-width:1px;height:1px;border-top-color:#eee;width:80%;border-top-style:solid;}.wp-block-kadence-spacer.kt-block-spacer-_8fa99f-cd .kt-block-spacer{height:20px;}.wp-block-kadence-spacer.kt-block-spacer-_8fa99f-cd .kt-divider{border-top-width:1px;height:1px;border-top-color:#eee;width:80%;border-top-style:solid;}.wp-block-kadence-spacer.kt-block-spacer-_6960a4-ff .kt-block-spacer{height:20px;}.wp-block-kadence-spacer.kt-block-spacer-_6960a4-ff .kt-divider{border-top-width:1px;height:1px;border-top-color:#eee;width:80%;border-top-style:solid;}.wp-block-kadence-spacer.kt-block-spacer-_15d5ea-f6 .kt-block-spacer{height:10px;}.wp-block-kadence-spacer.kt-block-spacer-_15d5ea-f6 .kt-divider{border-top-width:1px;height:1px;border-top-color:#eee;width:80%;border-top-style:solid;}<\/style>","protected":false},"excerpt":{"rendered":"<p>KRS Recycling Systems GmbH Hauptstrasse 19b D-94556 Neusch\u00f6nau Germany Vertreten durch: Helmut Killinger jun. Kontakt: Tel.: +49-(0)8558-97340-0 Fax.: +49-(0)8558-97340-29 E-Mail: &#8230;<\/p>\n","protected":false},"author":1,"featured_media":0,"parent":0,"menu_order":0,"comment_status":"closed","ping_status":"closed","template":"","meta":{"_uag_custom_page_level_css":"","advgb_blocks_editor_width":"","advgb_blocks_columns_visual_guide":"","footnotes":""},"class_list":["post-138","page","type-page","status-publish","hentry"],"aioseo_notices":[],"featured_image_src":null,"featured_image_src_square":null,"uagb_featured_image_src":{"full":false,"thumbnail":false,"medium":false,"medium_large":false,"large":false,"1536x1536":false,"2048x2048":false,"ab-block-post-grid-landscape":false,"ab-block-post-grid-square":false},"uagb_author_info":{"display_name":"bedynamic","author_link":"https:\/\/www.recyclingsystems.de\/wp\/author\/bedynamic\/"},"uagb_comment_info":0,"uagb_excerpt":"KRS Recycling Systems GmbH Hauptstrasse 19b D-94556 Neusch\u00f6nau Germany Vertreten durch: Helmut Killinger jun. Kontakt: Tel.: +49-(0)8558-97340-0 Fax.: +49-(0)8558-97340-29 E-Mail: ...","coauthors":[],"author_meta":{"author_link":"https:\/\/www.recyclingsystems.de\/wp\/author\/bedynamic\/","display_name":"bedynamic"},"relative_dates":{"created":"Ver\u00f6ffentlicht 7\u00a0Jahren vor","modified":"Aktualisiert 6\u00a0Jahren vor"},"absolute_dates":{"created":"Ver\u00f6ffentlicht am 20. Oktober 2019","modified":"Aktualisiert am 4. Juni 2020"},"absolute_dates_time":{"created":"Ver\u00f6ffentlicht am 20. Oktober 2019 14:31","modified":"Aktualisiert am 4. Juni 2020 9:10"},"featured_img_caption":"","featured_img":false,"series_order":"","_links":{"self":[{"href":"https:\/\/www.recyclingsystems.de\/wp\/wp-json\/wp\/v2\/pages\/138","targetHints":{"allow":["GET"]}}],"collection":[{"href":"https:\/\/www.recyclingsystems.de\/wp\/wp-json\/wp\/v2\/pages"}],"about":[{"href":"https:\/\/www.recyclingsystems.de\/wp\/wp-json\/wp\/v2\/types\/page"}],"author":[{"embeddable":true,"href":"https:\/\/www.recyclingsystems.de\/wp\/wp-json\/wp\/v2\/users\/1"}],"replies":[{"embeddable":true,"href":"https:\/\/www.recyclingsystems.de\/wp\/wp-json\/wp\/v2\/comments?post=138"}],"version-history":[{"count":20,"href":"https:\/\/www.recyclingsystems.de\/wp\/wp-json\/wp\/v2\/pages\/138\/revisions"}],"predecessor-version":[{"id":2015,"href":"https:\/\/www.recyclingsystems.de\/wp\/wp-json\/wp\/v2\/pages\/138\/revisions\/2015"}],"wp:attachment":[{"href":"https:\/\/www.recyclingsystems.de\/wp\/wp-json\/wp\/v2\/media?parent=138"}],"curies":[{"name":"wp","href":"https:\/\/api.w.org\/{rel}","templated":true}]}}